{"id":1521,"date":"2025-07-26T07:33:25","date_gmt":"2025-07-26T07:33:25","guid":{"rendered":"https:\/\/www.etipres.com\/mercados\/industria-electronica-y-electrica\/"},"modified":"2025-09-26T23:52:50","modified_gmt":"2025-09-26T23:52:50","slug":"electronics-and-electrical-industry","status":"publish","type":"page","link":"https:\/\/www.etipres.com\/en\/markets\/electronics-and-electrical-industry\/","title":{"rendered":"Electronics and Electrical Industry"},"content":{"rendered":"","protected":false},"excerpt":{"rendered":"","protected":false},"author":1,"featured_media":0,"parent":1468,"menu_order":0,"comment_status":"closed","ping_status":"closed","template":"","meta":{"footnotes":""},"class_list":["post-1521","page","type-page","status-publish","hentry"],"yoast_head":"<!-- This site is optimized with the Yoast SEO Premium plugin v27.4 (Yoast SEO v27.4) - https:\/\/yoast.com\/product\/yoast-seo-premium-wordpress\/ -->\n<title>Electronics and Electrical Industry - Etipr\u00e9s<\/title>\n<meta name=\"robots\" content=\"index, follow, max-snippet:-1, max-image-preview:large, max-video-preview:-1\" \/>\n<link rel=\"canonical\" href=\"https:\/\/www.etipres.com\/en\/markets\/electronics-and-electrical-industry\/\" \/>\n<meta property=\"og:locale\" content=\"en_US\" \/>\n<meta property=\"og:type\" content=\"article\" \/>\n<meta property=\"og:title\" content=\"Electronics and Electrical Industry\" \/>\n<meta property=\"og:url\" content=\"https:\/\/www.etipres.com\/en\/markets\/electronics-and-electrical-industry\/\" \/>\n<meta property=\"og:site_name\" content=\"Etipr\u00e9s\" \/>\n<meta property=\"article:publisher\" content=\"https:\/\/www.facebook.com\/Etipres\" \/>\n<meta property=\"article:modified_time\" content=\"2025-09-26T23:52:50+00:00\" \/>\n<meta name=\"twitter:card\" content=\"summary_large_image\" \/>\n<script type=\"application\/ld+json\" class=\"yoast-schema-graph\">{\"@context\":\"https:\\\/\\\/schema.org\",\"@graph\":[{\"@type\":\"WebPage\",\"@id\":\"https:\\\/\\\/www.etipres.com\\\/en\\\/markets\\\/electronics-and-electrical-industry\\\/\",\"url\":\"https:\\\/\\\/www.etipres.com\\\/en\\\/markets\\\/electronics-and-electrical-industry\\\/\",\"name\":\"Electronics and Electrical Industry - Etipr\u00e9s\",\"isPartOf\":{\"@id\":\"https:\\\/\\\/www.etipres.com\\\/#website\"},\"datePublished\":\"2025-07-26T07:33:25+00:00\",\"dateModified\":\"2025-09-26T23:52:50+00:00\",\"breadcrumb\":{\"@id\":\"https:\\\/\\\/www.etipres.com\\\/en\\\/markets\\\/electronics-and-electrical-industry\\\/#breadcrumb\"},\"inLanguage\":\"en-US\",\"potentialAction\":[{\"@type\":\"ReadAction\",\"target\":[\"https:\\\/\\\/www.etipres.com\\\/en\\\/markets\\\/electronics-and-electrical-industry\\\/\"]}]},{\"@type\":\"BreadcrumbList\",\"@id\":\"https:\\\/\\\/www.etipres.com\\\/en\\\/markets\\\/electronics-and-electrical-industry\\\/#breadcrumb\",\"itemListElement\":[{\"@type\":\"ListItem\",\"position\":1,\"name\":\"Portada\",\"item\":\"https:\\\/\\\/www.etipres.com\\\/en\\\/home\\\/\"},{\"@type\":\"ListItem\",\"position\":2,\"name\":\"Markets\",\"item\":\"https:\\\/\\\/www.etipres.com\\\/en\\\/markets\\\/\"},{\"@type\":\"ListItem\",\"position\":3,\"name\":\"Electronics and Electrical Industry\"}]},{\"@type\":\"WebSite\",\"@id\":\"https:\\\/\\\/www.etipres.com\\\/#website\",\"url\":\"https:\\\/\\\/www.etipres.com\\\/\",\"name\":\"Etipr\u00e9s\",\"description\":\"Innovaci\u00f3n en cada impresi\u00f3n\",\"publisher\":{\"@id\":\"https:\\\/\\\/www.etipres.com\\\/#organization\"},\"potentialAction\":[{\"@type\":\"SearchAction\",\"target\":{\"@type\":\"EntryPoint\",\"urlTemplate\":\"https:\\\/\\\/www.etipres.com\\\/?s={search_term_string}\"},\"query-input\":{\"@type\":\"PropertyValueSpecification\",\"valueRequired\":true,\"valueName\":\"search_term_string\"}}],\"inLanguage\":\"en-US\"},{\"@type\":\"Organization\",\"@id\":\"https:\\\/\\\/www.etipres.com\\\/#organization\",\"name\":\"Etiquetas Impresas Etipr\u00e9s\",\"url\":\"https:\\\/\\\/www.etipres.com\\\/\",\"logo\":{\"@type\":\"ImageObject\",\"inLanguage\":\"en-US\",\"@id\":\"https:\\\/\\\/www.etipres.com\\\/#\\\/schema\\\/logo\\\/image\\\/\",\"url\":\"https:\\\/\\\/www.etipres.com\\\/wp-content\\\/uploads\\\/2026\\\/01\\\/Etipres-2.svg\",\"contentUrl\":\"https:\\\/\\\/www.etipres.com\\\/wp-content\\\/uploads\\\/2026\\\/01\\\/Etipres-2.svg\",\"width\":1,\"height\":1,\"caption\":\"Etiquetas Impresas Etipr\u00e9s\"},\"image\":{\"@id\":\"https:\\\/\\\/www.etipres.com\\\/#\\\/schema\\\/logo\\\/image\\\/\"},\"sameAs\":[\"https:\\\/\\\/www.facebook.com\\\/Etipres\",\"https:\\\/\\\/www.youtube.com\\\/@etipres5337\",\"https:\\\/\\\/www.instagram.com\\\/etipres_cr\\\/\",\"https:\\\/\\\/www.linkedin.com\\\/company\\\/etiprs\\\/\"],\"email\":\"serviciocliente@etipres.com\",\"telephone\":\"+506 2261 2345\",\"legalName\":\"Etiquetas Impresas Etipr\u00e9s S.A.\"}]}<\/script>\n<!-- \/ Yoast SEO Premium plugin. -->","yoast_head_json":{"title":"Electronics and Electrical Industry - Etipr\u00e9s","robots":{"index":"index","follow":"follow","max-snippet":"max-snippet:-1","max-image-preview":"max-image-preview:large","max-video-preview":"max-video-preview:-1"},"canonical":"https:\/\/www.etipres.com\/en\/markets\/electronics-and-electrical-industry\/","og_locale":"en_US","og_type":"article","og_title":"Electronics and Electrical Industry","og_url":"https:\/\/www.etipres.com\/en\/markets\/electronics-and-electrical-industry\/","og_site_name":"Etipr\u00e9s","article_publisher":"https:\/\/www.facebook.com\/Etipres","article_modified_time":"2025-09-26T23:52:50+00:00","twitter_card":"summary_large_image","schema":{"@context":"https:\/\/schema.org","@graph":[{"@type":"WebPage","@id":"https:\/\/www.etipres.com\/en\/markets\/electronics-and-electrical-industry\/","url":"https:\/\/www.etipres.com\/en\/markets\/electronics-and-electrical-industry\/","name":"Electronics and Electrical Industry - Etipr\u00e9s","isPartOf":{"@id":"https:\/\/www.etipres.com\/#website"},"datePublished":"2025-07-26T07:33:25+00:00","dateModified":"2025-09-26T23:52:50+00:00","breadcrumb":{"@id":"https:\/\/www.etipres.com\/en\/markets\/electronics-and-electrical-industry\/#breadcrumb"},"inLanguage":"en-US","potentialAction":[{"@type":"ReadAction","target":["https:\/\/www.etipres.com\/en\/markets\/electronics-and-electrical-industry\/"]}]},{"@type":"BreadcrumbList","@id":"https:\/\/www.etipres.com\/en\/markets\/electronics-and-electrical-industry\/#breadcrumb","itemListElement":[{"@type":"ListItem","position":1,"name":"Portada","item":"https:\/\/www.etipres.com\/en\/home\/"},{"@type":"ListItem","position":2,"name":"Markets","item":"https:\/\/www.etipres.com\/en\/markets\/"},{"@type":"ListItem","position":3,"name":"Electronics and Electrical Industry"}]},{"@type":"WebSite","@id":"https:\/\/www.etipres.com\/#website","url":"https:\/\/www.etipres.com\/","name":"Etipr\u00e9s","description":"Innovaci\u00f3n en cada impresi\u00f3n","publisher":{"@id":"https:\/\/www.etipres.com\/#organization"},"potentialAction":[{"@type":"SearchAction","target":{"@type":"EntryPoint","urlTemplate":"https:\/\/www.etipres.com\/?s={search_term_string}"},"query-input":{"@type":"PropertyValueSpecification","valueRequired":true,"valueName":"search_term_string"}}],"inLanguage":"en-US"},{"@type":"Organization","@id":"https:\/\/www.etipres.com\/#organization","name":"Etiquetas Impresas Etipr\u00e9s","url":"https:\/\/www.etipres.com\/","logo":{"@type":"ImageObject","inLanguage":"en-US","@id":"https:\/\/www.etipres.com\/#\/schema\/logo\/image\/","url":"https:\/\/www.etipres.com\/wp-content\/uploads\/2026\/01\/Etipres-2.svg","contentUrl":"https:\/\/www.etipres.com\/wp-content\/uploads\/2026\/01\/Etipres-2.svg","width":1,"height":1,"caption":"Etiquetas Impresas Etipr\u00e9s"},"image":{"@id":"https:\/\/www.etipres.com\/#\/schema\/logo\/image\/"},"sameAs":["https:\/\/www.facebook.com\/Etipres","https:\/\/www.youtube.com\/@etipres5337","https:\/\/www.instagram.com\/etipres_cr\/","https:\/\/www.linkedin.com\/company\/etiprs\/"],"email":"serviciocliente@etipres.com","telephone":"+506 2261 2345","legalName":"Etiquetas Impresas Etipr\u00e9s S.A."}]}},"_links":{"self":[{"href":"https:\/\/www.etipres.com\/en\/wp-json\/wp\/v2\/pages\/1521","targetHints":{"allow":["GET"]}}],"collection":[{"href":"https:\/\/www.etipres.com\/en\/wp-json\/wp\/v2\/pages"}],"about":[{"href":"https:\/\/www.etipres.com\/en\/wp-json\/wp\/v2\/types\/page"}],"author":[{"embeddable":true,"href":"https:\/\/www.etipres.com\/en\/wp-json\/wp\/v2\/users\/1"}],"replies":[{"embeddable":true,"href":"https:\/\/www.etipres.com\/en\/wp-json\/wp\/v2\/comments?post=1521"}],"version-history":[{"count":2,"href":"https:\/\/www.etipres.com\/en\/wp-json\/wp\/v2\/pages\/1521\/revisions"}],"predecessor-version":[{"id":1573,"href":"https:\/\/www.etipres.com\/en\/wp-json\/wp\/v2\/pages\/1521\/revisions\/1573"}],"up":[{"embeddable":true,"href":"https:\/\/www.etipres.com\/en\/wp-json\/wp\/v2\/pages\/1468"}],"wp:attachment":[{"href":"https:\/\/www.etipres.com\/en\/wp-json\/wp\/v2\/media?parent=1521"}],"curies":[{"name":"wp","href":"https:\/\/api.w.org\/{rel}","templated":true}]}}